{"id":5784,"date":"2025-02-10T14:53:53","date_gmt":"2025-02-10T13:53:53","guid":{"rendered":"https:\/\/palaisfarah.com\/la-vallee-dourika\/"},"modified":"2026-03-11T14:02:00","modified_gmt":"2026-03-11T13:02:00","slug":"la-vallee-dourika","status":"publish","type":"page","link":"https:\/\/palaisfarah.com\/en\/la-vallee-dourika\/","title":{"rendered":"La vall\u00e9e d&#8217;Ourika"},"content":{"rendered":"\t\t<div data-elementor-type=\"wp-page\" data-elementor-id=\"5784\" class=\"elementor elementor-5784\">\n\t\t\t\t<div class=\"elementor-element elementor-element-a2a98f8 e-flex e-con-boxed wpr-particle-no wpr-jarallax-no wpr-parallax-no wpr-sticky-section-no e-con e-parent\" data-id=\"a2a98f8\" data-element_type=\"container\" data-e-type=\"container\">\n\t\t\t\t\t<div class=\"e-con-inner\">\n\t\t<div class=\"elementor-element elementor-element-cc75a4c e-con-full e-flex wpr-particle-no wpr-jarallax-no wpr-parallax-no wpr-sticky-section-no e-con e-child\" data-id=\"cc75a4c\" data-element_type=\"container\" data-e-type=\"container\">\n\t\t\t\t<div class=\"elementor-element elementor-element-3e1630e elementor-widget elementor-widget-cs_title\" data-id=\"3e1630e\" data-element_type=\"widget\" data-e-type=\"widget\" data-widget_type=\"cs_title.default\">\n\t\t\t\t<div class=\"elementor-widget-container\">\n\t\t\t\t\t\n        <div class=\"cs-title-wrap text-left\">\t            <h4 class=\"cs-title\">\n\t                La vall\u00e9e d'Ourika\t            <\/h4>\t            <div class=\"cs-title-text\">\n\t                <p>A 9h00 d\u00e9part de Marrakech, vers la vall\u00e9e. d&#8217;Ourika. Vous vous arr\u00eatez dans certains villages berb\u00e8res typiques pour prendre de photos et admirer les paysages, apr\u00e8s vous arrivez au village Sitti Fatma o\u00f9 vous profiterez de 1h30 de marche dans la montagne accompagn\u00e9e, par des professionnels pour d\u00e9couvrir les cascades. D\u00e9jeuner dans un petit restaurant berb\u00e8re au bord de l&#8217;Oued Ourika avec pieds dans l&#8217;eau. Apr\u00e8s c&#8217;est la d\u00e9couverte de l&#8217;environnement traditionnel. Retour \u00e0 Marrakech fin d&#8217;apr\u00e8s-midi.<\/p><p>\u00a0<\/p>\t            <\/div>        <\/div>\t\t\t\t<\/div>\n\t\t\t\t<\/div>\n\t\t\t\t<div class=\"elementor-element elementor-element-4964502 elementor-position-inline-start elementor-view-default elementor-mobile-position-block-start elementor-widget elementor-widget-icon-box\" data-id=\"4964502\" data-element_type=\"widget\" data-e-type=\"widget\" data-widget_type=\"icon-box.default\">\n\t\t\t\t<div class=\"elementor-widget-container\">\n\t\t\t\t\t\t\t<div class=\"elementor-icon-box-wrapper\">\n\n\t\t\t\t\t\t<div class=\"elementor-icon-box-icon\">\n\t\t\t\t<a href=\"tel:+212%206%2062%2063%2065%2088\" class=\"elementor-icon\" tabindex=\"-1\" aria-label=\"Appelez-nous\">\n\t\t\t\t<svg aria-hidden=\"true\" class=\"e-font-icon-svg e-fas-phone-alt\" viewBox=\"0 0 512 512\" xmlns=\"http:\/\/www.w3.org\/2000\/svg\"><path d=\"M497.39 361.8l-112-48a24 24 0 0 0-28 6.9l-49.6 60.6A370.66 370.66 0 0 1 130.6 204.11l60.6-49.6a23.94 23.94 0 0 0 6.9-28l-48-112A24.16 24.16 0 0 0 122.6.61l-104 24A24 24 0 0 0 0 48c0 256.5 207.9 464 464 464a24 24 0 0 0 23.4-18.6l24-104a24.29 24.29 0 0 0-14.01-27.6z\"><\/path><\/svg>\t\t\t\t<\/a>\n\t\t\t<\/div>\n\t\t\t\n\t\t\t\t\t\t<div class=\"elementor-icon-box-content\">\n\n\t\t\t\t\t\t\t\t\t<h3 class=\"elementor-icon-box-title\">\n\t\t\t\t\t\t<a href=\"tel:+212%206%2062%2063%2065%2088\" >\n\t\t\t\t\t\t\tAppelez-nous\t\t\t\t\t\t<\/a>\n\t\t\t\t\t<\/h3>\n\t\t\t\t\n\t\t\t\t\t\t\t\t\t<p class=\"elementor-icon-box-description\">\n\t\t\t\t\t\t+212 6 62 63 65 88\t\t\t\t\t<\/p>\n\t\t\t\t\n\t\t\t<\/div>\n\t\t\t\n\t\t<\/div>\n\t\t\t\t\t\t<\/div>\n\t\t\t\t<\/div>\n\t\t\t\t<\/div>\n\t\t<div class=\"elementor-element elementor-element-929f468 e-con-full e-flex wpr-particle-no wpr-jarallax-no wpr-parallax-no wpr-sticky-section-no e-con e-child\" data-id=\"929f468\" data-element_type=\"container\" data-e-type=\"container\" data-settings=\"{&quot;background_background&quot;:&quot;classic&quot;}\">\n\t\t\t\t<div class=\"elementor-element elementor-element-8630c48 elementor-widget elementor-widget-spacer\" data-id=\"8630c48\" data-element_type=\"widget\" data-e-type=\"widget\" data-widget_type=\"spacer.default\">\n\t\t\t\t<div class=\"elementor-widget-container\">\n\t\t\t\t\t\t\t<div class=\"elementor-spacer\">\n\t\t\t<div class=\"elementor-spacer-inner\"><\/div>\n\t\t<\/div>\n\t\t\t\t\t\t<\/div>\n\t\t\t\t<\/div>\n\t\t\t\t<\/div>\n\t\t\t\t\t<\/div>\n\t\t\t\t<\/div>\n\t\t\t\t<\/div>\n\t\t","protected":false},"excerpt":{"rendered":"<p>La vall\u00e9e d&#8217;Ourika A 9h00 d\u00e9part de Marrakech, vers la vall\u00e9e. d&rsquo;Ourika. Vous vous arr\u00eatez dans certains villages berb\u00e8res typiques pour prendre de photos et admirer les paysages, apr\u00e8s vous arrivez au village Sitti Fatma o\u00f9 vous profiterez de 1h30 de marche dans la montagne accompagn\u00e9e, par des professionnels pour d\u00e9couvrir les cascades. D\u00e9jeuner dans un petit restaurant berb\u00e8re au bord de l&rsquo;Oued Ourika avec pieds dans l&rsquo;eau. Apr\u00e8s c&rsquo;est la d\u00e9couverte de l&rsquo;environnement traditionnel. Retour \u00e0 Marrakech fin d&rsquo;apr\u00e8s-midi. \u00a0 Appelez-nous +212 6 62 63 65 88<\/p>\n","protected":false},"author":1,"featured_media":0,"parent":0,"menu_order":0,"comment_status":"closed","ping_status":"closed","template":"template-fullwidth.php","meta":{"om_disable_all_campaigns":false,"cozystay_single_page_hide_site_header":"","cozystay_single_page_site_header_source":"","cozystay_single_page_custom_site_header":"0","cozystay_single_page_custom_sticky_site_header":"0","cozystay_single_page_hide_page_title":"","cozystay_single_page_header_section_size":"","cozystay_single_page_header_background_color":"","cozystay_single_page_header_background_position_x":"center","cozystay_single_page_header_background_position_y":"center","cozystay_single_page_header_background_size":"cover","cozystay_single_page_header_background_repeat":"off","cozystay_single_page_header_background_scroll":"on","cozystay_single_page_header_text_color":"","cozystay_single_page_header_show_breadcrumb":"","cozystay_single_page_site_footer_hide_main":"","cozystay_single_custom_site_footer_main_source":"","cozystay_single_custom_site_footer_main":"0","cozystay_single_page_site_footer_hide_above":"","cozystay_single_custom_site_footer_above_source":"","cozystay_single_custom_site_footer_above":"0","cozystay_single_page_site_footer_hide_instagram":"","cozystay_single_page_site_footer_hide_bottom":"","cozystay_single_custom_mobile_menu_source":"","cozystay_single_custom_mobile_menu":"0","cozystay_single_custom_mobile_menu_animation":"","cozystay_single_custom_mobile_menu_width":"","cozystay_single_custom_mobile_menu_custom_width":375,"footnotes":""},"class_list":["post-5784","page","type-page","status-publish","hentry"],"aioseo_notices":[],"yoast_head":"<!-- This site is optimized with the Yoast SEO plugin v27.2 - https:\/\/yoast.com\/product\/yoast-seo-wordpress\/ -->\n<title>La vall\u00e9e d&#039;Ourika - palaisfarah<\/title>\n<meta name=\"robots\" content=\"index, follow, max-snippet:-1, max-image-preview:large, max-video-preview:-1\" \/>\n<link rel=\"canonical\" href=\"https:\/\/palaisfarah.com\/la-vallee-dourika\/\" \/>\n<meta property=\"og:locale\" content=\"en_US\" \/>\n<meta property=\"og:type\" content=\"article\" \/>\n<meta property=\"og:title\" content=\"La vall\u00e9e d&#039;Ourika - palaisfarah\" \/>\n<meta property=\"og:description\" content=\"La vall\u00e9e d&#8217;Ourika A 9h00 d\u00e9part de Marrakech, vers la vall\u00e9e. d&rsquo;Ourika. Vous vous arr\u00eatez dans certains villages berb\u00e8res typiques pour prendre de photos et admirer les paysages, apr\u00e8s vous arrivez au village Sitti Fatma o\u00f9 vous profiterez de 1h30 de marche dans la montagne accompagn\u00e9e, par des professionnels pour d\u00e9couvrir les cascades. D\u00e9jeuner dans un petit restaurant berb\u00e8re au bord de l&rsquo;Oued Ourika avec pieds dans l&rsquo;eau. Apr\u00e8s c&rsquo;est la d\u00e9couverte de l&rsquo;environnement traditionnel. Retour \u00e0 Marrakech fin d&rsquo;apr\u00e8s-midi. \u00a0 Appelez-nous +212 6 62 63 65 88\" \/>\n<meta property=\"og:url\" content=\"https:\/\/palaisfarah.com\/la-vallee-dourika\/\" \/>\n<meta property=\"og:site_name\" content=\"palaisfarah\" \/>\n<meta property=\"article:modified_time\" content=\"2026-03-11T13:02:00+00:00\" \/>\n<meta name=\"twitter:card\" content=\"summary_large_image\" \/>\n<meta name=\"twitter:label1\" content=\"Est. reading time\" \/>\n\t<meta name=\"twitter:data1\" content=\"1 minute\" \/>\n<script type=\"application\/ld+json\" class=\"yoast-schema-graph\">{\"@context\":\"https:\/\/schema.org\",\"@graph\":[{\"@type\":\"WebPage\",\"@id\":\"https:\/\/palaisfarah.com\/la-vallee-dourika\/\",\"url\":\"https:\/\/palaisfarah.com\/la-vallee-dourika\/\",\"name\":\"La vall\u00e9e d'Ourika - palaisfarah\",\"isPartOf\":{\"@id\":\"https:\/\/palaisfarah.com\/#website\"},\"datePublished\":\"2025-02-10T13:53:53+00:00\",\"dateModified\":\"2026-03-11T13:02:00+00:00\",\"breadcrumb\":{\"@id\":\"https:\/\/palaisfarah.com\/la-vallee-dourika\/#breadcrumb\"},\"inLanguage\":\"en-US\",\"potentialAction\":[{\"@type\":\"ReadAction\",\"target\":[\"https:\/\/palaisfarah.com\/la-vallee-dourika\/\"]}]},{\"@type\":\"BreadcrumbList\",\"@id\":\"https:\/\/palaisfarah.com\/la-vallee-dourika\/#breadcrumb\",\"itemListElement\":[{\"@type\":\"ListItem\",\"position\":1,\"name\":\"Home\",\"item\":\"https:\/\/palaisfarah.com\/en\/\"},{\"@type\":\"ListItem\",\"position\":2,\"name\":\"La vall\u00e9e d&rsquo;Ourika\"}]},{\"@type\":\"WebSite\",\"@id\":\"https:\/\/palaisfarah.com\/#website\",\"url\":\"https:\/\/palaisfarah.com\/\",\"name\":\"palaisfarah\",\"description\":\"\",\"publisher\":{\"@id\":\"https:\/\/palaisfarah.com\/#organization\"},\"potentialAction\":[{\"@type\":\"SearchAction\",\"target\":{\"@type\":\"EntryPoint\",\"urlTemplate\":\"https:\/\/palaisfarah.com\/?s={search_term_string}\"},\"query-input\":{\"@type\":\"PropertyValueSpecification\",\"valueRequired\":true,\"valueName\":\"search_term_string\"}}],\"inLanguage\":\"en-US\"},{\"@type\":\"Organization\",\"@id\":\"https:\/\/palaisfarah.com\/#organization\",\"name\":\"palaisfarah\",\"url\":\"https:\/\/palaisfarah.com\/\",\"logo\":{\"@type\":\"ImageObject\",\"inLanguage\":\"en-US\",\"@id\":\"https:\/\/palaisfarah.com\/#\/schema\/logo\/image\/\",\"url\":\"https:\/\/palaisfarah.com\/wp-content\/uploads\/2025\/01\/cropped-Logo-Palais-Farah-PHV-color-original.jpg\",\"contentUrl\":\"https:\/\/palaisfarah.com\/wp-content\/uploads\/2025\/01\/cropped-Logo-Palais-Farah-PHV-color-original.jpg\",\"width\":841,\"height\":279,\"caption\":\"palaisfarah\"},\"image\":{\"@id\":\"https:\/\/palaisfarah.com\/#\/schema\/logo\/image\/\"}}]}<\/script>\n<!-- \/ Yoast SEO plugin. -->","yoast_head_json":{"title":"La vall\u00e9e d'Ourika - palaisfarah","robots":{"index":"index","follow":"follow","max-snippet":"max-snippet:-1","max-image-preview":"max-image-preview:large","max-video-preview":"max-video-preview:-1"},"canonical":"https:\/\/palaisfarah.com\/la-vallee-dourika\/","og_locale":"en_US","og_type":"article","og_title":"La vall\u00e9e d'Ourika - palaisfarah","og_description":"La vall\u00e9e d&#8217;Ourika A 9h00 d\u00e9part de Marrakech, vers la vall\u00e9e. d&rsquo;Ourika. Vous vous arr\u00eatez dans certains villages berb\u00e8res typiques pour prendre de photos et admirer les paysages, apr\u00e8s vous arrivez au village Sitti Fatma o\u00f9 vous profiterez de 1h30 de marche dans la montagne accompagn\u00e9e, par des professionnels pour d\u00e9couvrir les cascades. D\u00e9jeuner dans un petit restaurant berb\u00e8re au bord de l&rsquo;Oued Ourika avec pieds dans l&rsquo;eau. Apr\u00e8s c&rsquo;est la d\u00e9couverte de l&rsquo;environnement traditionnel. Retour \u00e0 Marrakech fin d&rsquo;apr\u00e8s-midi. \u00a0 Appelez-nous +212 6 62 63 65 88","og_url":"https:\/\/palaisfarah.com\/la-vallee-dourika\/","og_site_name":"palaisfarah","article_modified_time":"2026-03-11T13:02:00+00:00","twitter_card":"summary_large_image","twitter_misc":{"Est. reading time":"1 minute"},"schema":{"@context":"https:\/\/schema.org","@graph":[{"@type":"WebPage","@id":"https:\/\/palaisfarah.com\/la-vallee-dourika\/","url":"https:\/\/palaisfarah.com\/la-vallee-dourika\/","name":"La vall\u00e9e d'Ourika - palaisfarah","isPartOf":{"@id":"https:\/\/palaisfarah.com\/#website"},"datePublished":"2025-02-10T13:53:53+00:00","dateModified":"2026-03-11T13:02:00+00:00","breadcrumb":{"@id":"https:\/\/palaisfarah.com\/la-vallee-dourika\/#breadcrumb"},"inLanguage":"en-US","potentialAction":[{"@type":"ReadAction","target":["https:\/\/palaisfarah.com\/la-vallee-dourika\/"]}]},{"@type":"BreadcrumbList","@id":"https:\/\/palaisfarah.com\/la-vallee-dourika\/#breadcrumb","itemListElement":[{"@type":"ListItem","position":1,"name":"Home","item":"https:\/\/palaisfarah.com\/en\/"},{"@type":"ListItem","position":2,"name":"La vall\u00e9e d&rsquo;Ourika"}]},{"@type":"WebSite","@id":"https:\/\/palaisfarah.com\/#website","url":"https:\/\/palaisfarah.com\/","name":"palaisfarah","description":"","publisher":{"@id":"https:\/\/palaisfarah.com\/#organization"},"potentialAction":[{"@type":"SearchAction","target":{"@type":"EntryPoint","urlTemplate":"https:\/\/palaisfarah.com\/?s={search_term_string}"},"query-input":{"@type":"PropertyValueSpecification","valueRequired":true,"valueName":"search_term_string"}}],"inLanguage":"en-US"},{"@type":"Organization","@id":"https:\/\/palaisfarah.com\/#organization","name":"palaisfarah","url":"https:\/\/palaisfarah.com\/","logo":{"@type":"ImageObject","inLanguage":"en-US","@id":"https:\/\/palaisfarah.com\/#\/schema\/logo\/image\/","url":"https:\/\/palaisfarah.com\/wp-content\/uploads\/2025\/01\/cropped-Logo-Palais-Farah-PHV-color-original.jpg","contentUrl":"https:\/\/palaisfarah.com\/wp-content\/uploads\/2025\/01\/cropped-Logo-Palais-Farah-PHV-color-original.jpg","width":841,"height":279,"caption":"palaisfarah"},"image":{"@id":"https:\/\/palaisfarah.com\/#\/schema\/logo\/image\/"}}]}},"_links":{"self":[{"href":"https:\/\/palaisfarah.com\/en\/wp-json\/wp\/v2\/pages\/5784","targetHints":{"allow":["GET"]}}],"collection":[{"href":"https:\/\/palaisfarah.com\/en\/wp-json\/wp\/v2\/pages"}],"about":[{"href":"https:\/\/palaisfarah.com\/en\/wp-json\/wp\/v2\/types\/page"}],"author":[{"embeddable":true,"href":"https:\/\/palaisfarah.com\/en\/wp-json\/wp\/v2\/users\/1"}],"replies":[{"embeddable":true,"href":"https:\/\/palaisfarah.com\/en\/wp-json\/wp\/v2\/comments?post=5784"}],"version-history":[{"count":20,"href":"https:\/\/palaisfarah.com\/en\/wp-json\/wp\/v2\/pages\/5784\/revisions"}],"predecessor-version":[{"id":7563,"href":"https:\/\/palaisfarah.com\/en\/wp-json\/wp\/v2\/pages\/5784\/revisions\/7563"}],"wp:attachment":[{"href":"https:\/\/palaisfarah.com\/en\/wp-json\/wp\/v2\/media?parent=5784"}],"curies":[{"name":"wp","href":"https:\/\/api.w.org\/{rel}","templated":true}]}}