{"id":5821,"date":"2025-02-10T15:26:39","date_gmt":"2025-02-10T14:26:39","guid":{"rendered":"https:\/\/palaisfarah.com\/quad-au-lac-de-lalla-takarkoust-et-le-desert-dagafay\/"},"modified":"2026-03-11T13:55:49","modified_gmt":"2026-03-11T12:55:49","slug":"quad-au-lac-de-lalla-takarkoust-et-le-desert-dagafay","status":"publish","type":"page","link":"https:\/\/palaisfarah.com\/en\/quad-au-lac-de-lalla-takarkoust-et-le-desert-dagafay\/","title":{"rendered":"Quad au Lac de Lalla Takarkoust et le D\u00e9sert d&#8217;Agafay."},"content":{"rendered":"\t\t<div data-elementor-type=\"wp-page\" data-elementor-id=\"5821\" class=\"elementor elementor-5821\">\n\t\t\t\t<div class=\"elementor-element elementor-element-493b624 e-flex e-con-boxed wpr-particle-no wpr-jarallax-no wpr-parallax-no wpr-sticky-section-no e-con e-parent\" data-id=\"493b624\" data-element_type=\"container\" data-e-type=\"container\">\n\t\t\t\t\t<div class=\"e-con-inner\">\n\t\t<div class=\"elementor-element elementor-element-78fbe4e e-con-full e-flex wpr-particle-no wpr-jarallax-no wpr-parallax-no wpr-sticky-section-no e-con e-child\" data-id=\"78fbe4e\" data-element_type=\"container\" data-e-type=\"container\">\n\t\t\t\t<div class=\"elementor-element elementor-element-17a3e44 elementor-widget elementor-widget-cs_title\" data-id=\"17a3e44\" data-element_type=\"widget\" data-e-type=\"widget\" data-widget_type=\"cs_title.default\">\n\t\t\t\t<div class=\"elementor-widget-container\">\n\t\t\t\t\t\n        <div class=\"cs-title-wrap text-left\">\t            <h4 class=\"cs-title\">\n\t                Quad au Lac de Lalla Takarkoust et le D\u00e9sert d'Agafay.\t            <\/h4>\t            <div class=\"cs-title-text\">\n\t                <p>Partez pour une excursion en quad dans l&#8217;Atlas. D\u00e9couvrez le barrage et le d\u00e9sert d&#8217;Agafay ainsi que le d\u00e9sert Marrakchi. Faites-vous r\u00e9cup\u00e9rer \u00e0 votre h\u00f4tel de Marrakech et laissez-vous conduire au lac Lalla Takerkoust o\u00f9 vous r\u00e9cup\u00e9rerez votre quad. Prenez le temps d&#8217;apprendre \u00e0 manier votre quad, puis partez en direction de la vall\u00e9e des Tortues et des plateaux d\u00e9sertiques s&#8217;engouffrant dans le Haut Atlas. En chemin, d\u00e9couvrez des petits villages berb\u00e8res typiques de la r\u00e9gion. Vous aurez la possibilit\u00e9 de vous arr\u00eater plusieurs fois afin de prendre des photos et d&#8217;admirer les paysages. Profitez d&#8217;une pause sur le plateau pour contempler la vue imprenable sur le lac Lalla Takerkoust, long dont les eaux bleues s&#8217;\u00e9tendent jusqu&#8217;au pied de l&#8217;Atlas, le tout en savouran u th\u1ebf \u00e0 la menthe.\u00a0<\/p><p><strong>Inclus<\/strong><\/p><ul><li>KYMCO quad 300cc<\/li><li>\u00c9quipement (casques, lunettes d&#8217;\u00e9quitation, etc.)<\/li><li>Instructeurs<\/li><li>Transferts des participants en van ou Mini Bus Air conditionn\u00e9<\/li><li>L&#8217;eau<\/li><\/ul><p>\u00a0<\/p>\t            <\/div>        <\/div>\t\t\t\t<\/div>\n\t\t\t\t<\/div>\n\t\t\t\t<div class=\"elementor-element elementor-element-a739758 elementor-position-inline-start elementor-view-default elementor-mobile-position-block-start elementor-widget elementor-widget-icon-box\" data-id=\"a739758\" data-element_type=\"widget\" data-e-type=\"widget\" data-widget_type=\"icon-box.default\">\n\t\t\t\t<div class=\"elementor-widget-container\">\n\t\t\t\t\t\t\t<div class=\"elementor-icon-box-wrapper\">\n\n\t\t\t\t\t\t<div class=\"elementor-icon-box-icon\">\n\t\t\t\t<a href=\"tel:+212%206%2062%2063%2065%2088\" class=\"elementor-icon\" tabindex=\"-1\" aria-label=\"Appelez-nous\">\n\t\t\t\t<svg aria-hidden=\"true\" class=\"e-font-icon-svg e-fas-phone-alt\" viewBox=\"0 0 512 512\" xmlns=\"http:\/\/www.w3.org\/2000\/svg\"><path d=\"M497.39 361.8l-112-48a24 24 0 0 0-28 6.9l-49.6 60.6A370.66 370.66 0 0 1 130.6 204.11l60.6-49.6a23.94 23.94 0 0 0 6.9-28l-48-112A24.16 24.16 0 0 0 122.6.61l-104 24A24 24 0 0 0 0 48c0 256.5 207.9 464 464 464a24 24 0 0 0 23.4-18.6l24-104a24.29 24.29 0 0 0-14.01-27.6z\"><\/path><\/svg>\t\t\t\t<\/a>\n\t\t\t<\/div>\n\t\t\t\n\t\t\t\t\t\t<div class=\"elementor-icon-box-content\">\n\n\t\t\t\t\t\t\t\t\t<h3 class=\"elementor-icon-box-title\">\n\t\t\t\t\t\t<a href=\"tel:+212%206%2062%2063%2065%2088\" >\n\t\t\t\t\t\t\tAppelez-nous\t\t\t\t\t\t<\/a>\n\t\t\t\t\t<\/h3>\n\t\t\t\t\n\t\t\t\t\t\t\t\t\t<p class=\"elementor-icon-box-description\">\n\t\t\t\t\t\t+212 6 62 63 65 88\t\t\t\t\t<\/p>\n\t\t\t\t\n\t\t\t<\/div>\n\t\t\t\n\t\t<\/div>\n\t\t\t\t\t\t<\/div>\n\t\t\t\t<\/div>\n\t\t\t\t<\/div>\n\t\t<div class=\"elementor-element elementor-element-16cfcaf e-con-full e-flex wpr-particle-no wpr-jarallax-no wpr-parallax-no wpr-sticky-section-no e-con e-child\" data-id=\"16cfcaf\" data-element_type=\"container\" data-e-type=\"container\" data-settings=\"{&quot;background_background&quot;:&quot;classic&quot;}\">\n\t\t\t\t<div class=\"elementor-element elementor-element-6900f80 elementor-widget elementor-widget-spacer\" data-id=\"6900f80\" data-element_type=\"widget\" data-e-type=\"widget\" data-widget_type=\"spacer.default\">\n\t\t\t\t<div class=\"elementor-widget-container\">\n\t\t\t\t\t\t\t<div class=\"elementor-spacer\">\n\t\t\t<div class=\"elementor-spacer-inner\"><\/div>\n\t\t<\/div>\n\t\t\t\t\t\t<\/div>\n\t\t\t\t<\/div>\n\t\t\t\t<\/div>\n\t\t\t\t\t<\/div>\n\t\t\t\t<\/div>\n\t\t\t\t<\/div>\n\t\t","protected":false},"excerpt":{"rendered":"<p>Quad au Lac de Lalla Takarkoust et le D\u00e9sert d&#8217;Agafay. Partez pour une excursion en quad dans l&rsquo;Atlas. D\u00e9couvrez le barrage et le d\u00e9sert d&rsquo;Agafay ainsi que le d\u00e9sert Marrakchi. Faites-vous r\u00e9cup\u00e9rer \u00e0 votre h\u00f4tel de Marrakech et laissez-vous conduire au lac Lalla Takerkoust o\u00f9 vous r\u00e9cup\u00e9rerez votre quad. Prenez le temps d&rsquo;apprendre \u00e0 manier votre quad, puis partez en direction de la vall\u00e9e des Tortues et des plateaux d\u00e9sertiques s&rsquo;engouffrant dans le Haut Atlas. En chemin, d\u00e9couvrez des petits villages berb\u00e8res typiques de la r\u00e9gion. Vous aurez la possibilit\u00e9 de vous arr\u00eater plusieurs fois afin de prendre des photos et d&rsquo;admirer les paysages. Profitez d&rsquo;une pause sur le plateau pour contempler la vue imprenable sur le lac Lalla Takerkoust, long dont les eaux bleues s&rsquo;\u00e9tendent jusqu&rsquo;au pied de l&rsquo;Atlas, le tout en savouran u th\u1ebf \u00e0 la menthe.\u00a0 Inclus KYMCO quad 300cc \u00c9quipement (casques, lunettes d&rsquo;\u00e9quitation, etc.) Instructeurs Transferts des participants en van ou Mini Bus Air conditionn\u00e9 L&rsquo;eau \u00a0 Appelez-nous +212 6 62 63 65 88<\/p>\n","protected":false},"author":1,"featured_media":0,"parent":0,"menu_order":0,"comment_status":"closed","ping_status":"closed","template":"template-fullwidth.php","meta":{"om_disable_all_campaigns":false,"cozystay_single_page_hide_site_header":"","cozystay_single_page_site_header_source":"","cozystay_single_page_custom_site_header":"0","cozystay_single_page_custom_sticky_site_header":"0","cozystay_single_page_hide_page_title":"","cozystay_single_page_header_section_size":"","cozystay_single_page_header_background_color":"","cozystay_single_page_header_background_position_x":"center","cozystay_single_page_header_background_position_y":"center","cozystay_single_page_header_background_size":"cover","cozystay_single_page_header_background_repeat":"off","cozystay_single_page_header_background_scroll":"on","cozystay_single_page_header_text_color":"","cozystay_single_page_header_show_breadcrumb":"","cozystay_single_page_site_footer_hide_main":"","cozystay_single_custom_site_footer_main_source":"","cozystay_single_custom_site_footer_main":"0","cozystay_single_page_site_footer_hide_above":"","cozystay_single_custom_site_footer_above_source":"","cozystay_single_custom_site_footer_above":"0","cozystay_single_page_site_footer_hide_instagram":"","cozystay_single_page_site_footer_hide_bottom":"","cozystay_single_custom_mobile_menu_source":"","cozystay_single_custom_mobile_menu":"0","cozystay_single_custom_mobile_menu_animation":"","cozystay_single_custom_mobile_menu_width":"","cozystay_single_custom_mobile_menu_custom_width":375,"footnotes":""},"class_list":["post-5821","page","type-page","status-publish","hentry"],"aioseo_notices":[],"yoast_head":"<!-- This site is optimized with the Yoast SEO plugin v27.2 - https:\/\/yoast.com\/product\/yoast-seo-wordpress\/ -->\n<title>Quad au Lac de Lalla Takarkoust et le D\u00e9sert d&#039;Agafay. - palaisfarah<\/title>\n<meta name=\"robots\" content=\"index, follow, max-snippet:-1, max-image-preview:large, max-video-preview:-1\" \/>\n<link rel=\"canonical\" href=\"https:\/\/palaisfarah.com\/en\/quad-au-lac-de-lalla-takarkoust-et-le-desert-dagafay\/\" \/>\n<meta property=\"og:locale\" content=\"en_US\" \/>\n<meta property=\"og:type\" content=\"article\" \/>\n<meta property=\"og:title\" content=\"Quad au Lac de Lalla Takarkoust et le D\u00e9sert d&#039;Agafay. - palaisfarah\" \/>\n<meta property=\"og:description\" content=\"Quad au Lac de Lalla Takarkoust et le D\u00e9sert d&#8217;Agafay. Partez pour une excursion en quad dans l&rsquo;Atlas. D\u00e9couvrez le barrage et le d\u00e9sert d&rsquo;Agafay ainsi que le d\u00e9sert Marrakchi. Faites-vous r\u00e9cup\u00e9rer \u00e0 votre h\u00f4tel de Marrakech et laissez-vous conduire au lac Lalla Takerkoust o\u00f9 vous r\u00e9cup\u00e9rerez votre quad. Prenez le temps d&rsquo;apprendre \u00e0 manier votre quad, puis partez en direction de la vall\u00e9e des Tortues et des plateaux d\u00e9sertiques s&rsquo;engouffrant dans le Haut Atlas. En chemin, d\u00e9couvrez des petits villages berb\u00e8res typiques de la r\u00e9gion. Vous aurez la possibilit\u00e9 de vous arr\u00eater plusieurs fois afin de prendre des photos et d&rsquo;admirer les paysages. Profitez d&rsquo;une pause sur le plateau pour contempler la vue imprenable sur le lac Lalla Takerkoust, long dont les eaux bleues s&rsquo;\u00e9tendent jusqu&rsquo;au pied de l&rsquo;Atlas, le tout en savouran u th\u1ebf \u00e0 la menthe.\u00a0 Inclus KYMCO quad 300cc \u00c9quipement (casques, lunettes d&rsquo;\u00e9quitation, etc.) Instructeurs Transferts des participants en van ou Mini Bus Air conditionn\u00e9 L&rsquo;eau \u00a0 Appelez-nous +212 6 62 63 65 88\" \/>\n<meta property=\"og:url\" content=\"https:\/\/palaisfarah.com\/en\/quad-au-lac-de-lalla-takarkoust-et-le-desert-dagafay\/\" \/>\n<meta property=\"og:site_name\" content=\"palaisfarah\" \/>\n<meta property=\"article:modified_time\" content=\"2026-03-11T12:55:49+00:00\" \/>\n<meta name=\"twitter:card\" content=\"summary_large_image\" \/>\n<meta name=\"twitter:label1\" content=\"Est. reading time\" \/>\n\t<meta name=\"twitter:data1\" content=\"1 minute\" \/>\n<script type=\"application\/ld+json\" class=\"yoast-schema-graph\">{\"@context\":\"https:\/\/schema.org\",\"@graph\":[{\"@type\":\"WebPage\",\"@id\":\"https:\/\/palaisfarah.com\/en\/quad-au-lac-de-lalla-takarkoust-et-le-desert-dagafay\/\",\"url\":\"https:\/\/palaisfarah.com\/en\/quad-au-lac-de-lalla-takarkoust-et-le-desert-dagafay\/\",\"name\":\"Quad au Lac de Lalla Takarkoust et le D\u00e9sert d'Agafay. - palaisfarah\",\"isPartOf\":{\"@id\":\"https:\/\/palaisfarah.com\/#website\"},\"datePublished\":\"2025-02-10T14:26:39+00:00\",\"dateModified\":\"2026-03-11T12:55:49+00:00\",\"breadcrumb\":{\"@id\":\"https:\/\/palaisfarah.com\/en\/quad-au-lac-de-lalla-takarkoust-et-le-desert-dagafay\/#breadcrumb\"},\"inLanguage\":\"en-US\",\"potentialAction\":[{\"@type\":\"ReadAction\",\"target\":[\"https:\/\/palaisfarah.com\/en\/quad-au-lac-de-lalla-takarkoust-et-le-desert-dagafay\/\"]}]},{\"@type\":\"BreadcrumbList\",\"@id\":\"https:\/\/palaisfarah.com\/en\/quad-au-lac-de-lalla-takarkoust-et-le-desert-dagafay\/#breadcrumb\",\"itemListElement\":[{\"@type\":\"ListItem\",\"position\":1,\"name\":\"Home\",\"item\":\"https:\/\/palaisfarah.com\/en\/\"},{\"@type\":\"ListItem\",\"position\":2,\"name\":\"Quad au Lac de Lalla Takarkoust et le D\u00e9sert d&rsquo;Agafay.\"}]},{\"@type\":\"WebSite\",\"@id\":\"https:\/\/palaisfarah.com\/#website\",\"url\":\"https:\/\/palaisfarah.com\/\",\"name\":\"palaisfarah\",\"description\":\"\",\"publisher\":{\"@id\":\"https:\/\/palaisfarah.com\/#organization\"},\"potentialAction\":[{\"@type\":\"SearchAction\",\"target\":{\"@type\":\"EntryPoint\",\"urlTemplate\":\"https:\/\/palaisfarah.com\/?s={search_term_string}\"},\"query-input\":{\"@type\":\"PropertyValueSpecification\",\"valueRequired\":true,\"valueName\":\"search_term_string\"}}],\"inLanguage\":\"en-US\"},{\"@type\":\"Organization\",\"@id\":\"https:\/\/palaisfarah.com\/#organization\",\"name\":\"palaisfarah\",\"url\":\"https:\/\/palaisfarah.com\/\",\"logo\":{\"@type\":\"ImageObject\",\"inLanguage\":\"en-US\",\"@id\":\"https:\/\/palaisfarah.com\/#\/schema\/logo\/image\/\",\"url\":\"https:\/\/palaisfarah.com\/wp-content\/uploads\/2025\/01\/cropped-Logo-Palais-Farah-PHV-color-original.jpg\",\"contentUrl\":\"https:\/\/palaisfarah.com\/wp-content\/uploads\/2025\/01\/cropped-Logo-Palais-Farah-PHV-color-original.jpg\",\"width\":841,\"height\":279,\"caption\":\"palaisfarah\"},\"image\":{\"@id\":\"https:\/\/palaisfarah.com\/#\/schema\/logo\/image\/\"}}]}<\/script>\n<!-- \/ Yoast SEO plugin. -->","yoast_head_json":{"title":"Quad au Lac de Lalla Takarkoust et le D\u00e9sert d'Agafay. - palaisfarah","robots":{"index":"index","follow":"follow","max-snippet":"max-snippet:-1","max-image-preview":"max-image-preview:large","max-video-preview":"max-video-preview:-1"},"canonical":"https:\/\/palaisfarah.com\/en\/quad-au-lac-de-lalla-takarkoust-et-le-desert-dagafay\/","og_locale":"en_US","og_type":"article","og_title":"Quad au Lac de Lalla Takarkoust et le D\u00e9sert d'Agafay. - palaisfarah","og_description":"Quad au Lac de Lalla Takarkoust et le D\u00e9sert d&#8217;Agafay. Partez pour une excursion en quad dans l&rsquo;Atlas. D\u00e9couvrez le barrage et le d\u00e9sert d&rsquo;Agafay ainsi que le d\u00e9sert Marrakchi. Faites-vous r\u00e9cup\u00e9rer \u00e0 votre h\u00f4tel de Marrakech et laissez-vous conduire au lac Lalla Takerkoust o\u00f9 vous r\u00e9cup\u00e9rerez votre quad. Prenez le temps d&rsquo;apprendre \u00e0 manier votre quad, puis partez en direction de la vall\u00e9e des Tortues et des plateaux d\u00e9sertiques s&rsquo;engouffrant dans le Haut Atlas. En chemin, d\u00e9couvrez des petits villages berb\u00e8res typiques de la r\u00e9gion. Vous aurez la possibilit\u00e9 de vous arr\u00eater plusieurs fois afin de prendre des photos et d&rsquo;admirer les paysages. Profitez d&rsquo;une pause sur le plateau pour contempler la vue imprenable sur le lac Lalla Takerkoust, long dont les eaux bleues s&rsquo;\u00e9tendent jusqu&rsquo;au pied de l&rsquo;Atlas, le tout en savouran u th\u1ebf \u00e0 la menthe.\u00a0 Inclus KYMCO quad 300cc \u00c9quipement (casques, lunettes d&rsquo;\u00e9quitation, etc.) Instructeurs Transferts des participants en van ou Mini Bus Air conditionn\u00e9 L&rsquo;eau \u00a0 Appelez-nous +212 6 62 63 65 88","og_url":"https:\/\/palaisfarah.com\/en\/quad-au-lac-de-lalla-takarkoust-et-le-desert-dagafay\/","og_site_name":"palaisfarah","article_modified_time":"2026-03-11T12:55:49+00:00","twitter_card":"summary_large_image","twitter_misc":{"Est. reading time":"1 minute"},"schema":{"@context":"https:\/\/schema.org","@graph":[{"@type":"WebPage","@id":"https:\/\/palaisfarah.com\/en\/quad-au-lac-de-lalla-takarkoust-et-le-desert-dagafay\/","url":"https:\/\/palaisfarah.com\/en\/quad-au-lac-de-lalla-takarkoust-et-le-desert-dagafay\/","name":"Quad au Lac de Lalla Takarkoust et le D\u00e9sert d'Agafay. - palaisfarah","isPartOf":{"@id":"https:\/\/palaisfarah.com\/#website"},"datePublished":"2025-02-10T14:26:39+00:00","dateModified":"2026-03-11T12:55:49+00:00","breadcrumb":{"@id":"https:\/\/palaisfarah.com\/en\/quad-au-lac-de-lalla-takarkoust-et-le-desert-dagafay\/#breadcrumb"},"inLanguage":"en-US","potentialAction":[{"@type":"ReadAction","target":["https:\/\/palaisfarah.com\/en\/quad-au-lac-de-lalla-takarkoust-et-le-desert-dagafay\/"]}]},{"@type":"BreadcrumbList","@id":"https:\/\/palaisfarah.com\/en\/quad-au-lac-de-lalla-takarkoust-et-le-desert-dagafay\/#breadcrumb","itemListElement":[{"@type":"ListItem","position":1,"name":"Home","item":"https:\/\/palaisfarah.com\/en\/"},{"@type":"ListItem","position":2,"name":"Quad au Lac de Lalla Takarkoust et le D\u00e9sert d&rsquo;Agafay."}]},{"@type":"WebSite","@id":"https:\/\/palaisfarah.com\/#website","url":"https:\/\/palaisfarah.com\/","name":"palaisfarah","description":"","publisher":{"@id":"https:\/\/palaisfarah.com\/#organization"},"potentialAction":[{"@type":"SearchAction","target":{"@type":"EntryPoint","urlTemplate":"https:\/\/palaisfarah.com\/?s={search_term_string}"},"query-input":{"@type":"PropertyValueSpecification","valueRequired":true,"valueName":"search_term_string"}}],"inLanguage":"en-US"},{"@type":"Organization","@id":"https:\/\/palaisfarah.com\/#organization","name":"palaisfarah","url":"https:\/\/palaisfarah.com\/","logo":{"@type":"ImageObject","inLanguage":"en-US","@id":"https:\/\/palaisfarah.com\/#\/schema\/logo\/image\/","url":"https:\/\/palaisfarah.com\/wp-content\/uploads\/2025\/01\/cropped-Logo-Palais-Farah-PHV-color-original.jpg","contentUrl":"https:\/\/palaisfarah.com\/wp-content\/uploads\/2025\/01\/cropped-Logo-Palais-Farah-PHV-color-original.jpg","width":841,"height":279,"caption":"palaisfarah"},"image":{"@id":"https:\/\/palaisfarah.com\/#\/schema\/logo\/image\/"}}]}},"_links":{"self":[{"href":"https:\/\/palaisfarah.com\/en\/wp-json\/wp\/v2\/pages\/5821","targetHints":{"allow":["GET"]}}],"collection":[{"href":"https:\/\/palaisfarah.com\/en\/wp-json\/wp\/v2\/pages"}],"about":[{"href":"https:\/\/palaisfarah.com\/en\/wp-json\/wp\/v2\/types\/page"}],"author":[{"embeddable":true,"href":"https:\/\/palaisfarah.com\/en\/wp-json\/wp\/v2\/users\/1"}],"replies":[{"embeddable":true,"href":"https:\/\/palaisfarah.com\/en\/wp-json\/wp\/v2\/comments?post=5821"}],"version-history":[{"count":20,"href":"https:\/\/palaisfarah.com\/en\/wp-json\/wp\/v2\/pages\/5821\/revisions"}],"predecessor-version":[{"id":7516,"href":"https:\/\/palaisfarah.com\/en\/wp-json\/wp\/v2\/pages\/5821\/revisions\/7516"}],"wp:attachment":[{"href":"https:\/\/palaisfarah.com\/en\/wp-json\/wp\/v2\/media?parent=5821"}],"curies":[{"name":"wp","href":"https:\/\/api.w.org\/{rel}","templated":true}]}}