{"id":5696,"date":"2023-04-24T04:44:41","date_gmt":"2023-04-24T02:44:41","guid":{"rendered":"https:\/\/palaisfarah.com\/contact-2\/"},"modified":"2026-03-11T13:46:21","modified_gmt":"2026-03-11T12:46:21","slug":"contact","status":"publish","type":"page","link":"https:\/\/palaisfarah.com\/es\/contact\/","title":{"rendered":"Contact"},"content":{"rendered":"\t\t<div data-elementor-type=\"wp-page\" data-elementor-id=\"5696\" class=\"elementor elementor-5696\">\n\t\t\t\t\t\t<section class=\"elementor-section elementor-top-section elementor-element elementor-element-3721c029 elementor-section-height-min-height cs-section-content-fullwidth cs-parallax-on-scroll cs_scroll_y_80 elementor-section-boxed elementor-section-height-default elementor-section-items-middle wpr-particle-no wpr-jarallax-no wpr-parallax-no wpr-sticky-section-no\" data-id=\"3721c029\" data-element_type=\"section\" data-e-type=\"section\" data-settings=\"{&quot;background_background&quot;:&quot;classic&quot;}\" data-cs-parallax-y=\"80\" style=\"background-image: none;\" data-cs-background-image=\"http:\/\/palaisfarah.com\/wp-content\/uploads\/2025\/01\/DSC00094-scaled.jpg\">\n\t\t\t\t\t\t\t<div class=\"elementor-background-overlay\"><\/div>\n\t\t\t\t\t\t\t<div class=\"elementor-container elementor-column-gap-no\">\n\t\t\t\t\t<div class=\"elementor-column elementor-col-100 elementor-top-column elementor-element elementor-element-1dd27aea dark-color\" data-id=\"1dd27aea\" data-element_type=\"column\" data-e-type=\"column\">\n\t\t\t<div class=\"elementor-widget-wrap elementor-element-populated\">\n\t\t\t\t\t\t<div class=\"elementor-element elementor-element-510107fc elementor-widget elementor-widget-cs_title\" data-id=\"510107fc\" data-element_type=\"widget\" data-e-type=\"widget\" data-widget_type=\"cs_title.default\">\n\t\t\t\t<div class=\"elementor-widget-container\">\n\t\t\t\t\t\n        <div class=\"cs-title-wrap text-center\">\t            <h1 class=\"cs-title\">\n\t                Contact \t            <\/h1>\t            <div class=\"cs-title-text\">\n\t                <p>Pour les r\u00e9servations et les demandes de renseignements, veuillez nous appeler ou nous \u00e9crire.<\/p>\t            <\/div>        <\/div>\t\t\t\t<\/div>\n\t\t\t\t<\/div>\n\t\t\t\t\t<\/div>\n\t\t<\/div>\n\t\t\t\t\t<\/div>\n\t\t<\/section>\n\t\t\t\t<section class=\"elementor-section elementor-top-section elementor-element elementor-element-075d68b elementor-section-boxed elementor-section-height-default elementor-section-height-default wpr-particle-no wpr-jarallax-no wpr-parallax-no wpr-sticky-section-no elementor-invisible\" data-id=\"075d68b\" data-element_type=\"section\" data-e-type=\"section\" data-settings=\"{&quot;background_background&quot;:&quot;classic&quot;,&quot;animation&quot;:&quot;fadeIn&quot;,&quot;animation_delay&quot;:150}\">\n\t\t\t\t\t\t<div class=\"elementor-container elementor-column-gap-no\">\n\t\t\t\t\t<div class=\"elementor-column elementor-col-50 elementor-top-column elementor-element elementor-element-1a4680f\" data-id=\"1a4680f\" data-element_type=\"column\" data-e-type=\"column\" data-settings=\"{&quot;background_background&quot;:&quot;classic&quot;}\">\n\t\t\t<div class=\"elementor-widget-wrap elementor-element-populated\">\n\t\t\t\t\t\t<div class=\"elementor-element elementor-element-446df4b elementor-widget elementor-widget-spacer\" data-id=\"446df4b\" data-element_type=\"widget\" data-e-type=\"widget\" data-widget_type=\"spacer.default\">\n\t\t\t\t<div class=\"elementor-widget-container\">\n\t\t\t\t\t\t\t<div class=\"elementor-spacer\">\n\t\t\t<div class=\"elementor-spacer-inner\"><\/div>\n\t\t<\/div>\n\t\t\t\t\t\t<\/div>\n\t\t\t\t<\/div>\n\t\t\t\t\t<\/div>\n\t\t<\/div>\n\t\t\t\t<div class=\"elementor-column elementor-col-50 elementor-top-column elementor-element elementor-element-4e0a982\" data-id=\"4e0a982\" data-element_type=\"column\" data-e-type=\"column\" data-settings=\"{&quot;background_background&quot;:&quot;classic&quot;}\">\n\t\t\t<div class=\"elementor-widget-wrap elementor-element-populated\">\n\t\t\t\t\t\t<div class=\"elementor-element elementor-element-8ff0c70 elementor-widget elementor-widget-cs_title\" data-id=\"8ff0c70\" data-element_type=\"widget\" data-e-type=\"widget\" data-widget_type=\"cs_title.default\">\n\t\t\t\t<div class=\"elementor-widget-container\">\n\t\t\t\t\t\n        <div class=\"cs-title-wrap text-center\">\t            <div class=\"cs-subtitle-wrap\"><span class=\"cs-subtitle\">Contactez-nous pour obtenir plus de d\u00e9tails<\/span><\/div>\t            <h4 class=\"cs-title\">\n\t                Entamons une conversation\t            <\/h4>        <\/div>\t\t\t\t<\/div>\n\t\t\t\t<\/div>\n\t\t\t\t<div class=\"elementor-element elementor-element-119c77a elementor-widget elementor-widget-cs_form_cf7\" data-id=\"119c77a\" data-element_type=\"widget\" data-e-type=\"widget\" data-widget_type=\"cs_form_cf7.default\">\n\t\t\t\t<div class=\"elementor-widget-container\">\n\t\t\t\t\t            <div class=\"cs-form-cf7 placeholder-normal\">\n                <div class=\"cs-form-cf7-wrap\">\n<div class=\"wpcf7 no-js\" id=\"wpcf7-f9-o1\" lang=\"fr-FR\" dir=\"ltr\" data-wpcf7-id=\"9\">\n<div class=\"screen-reader-response\"><p role=\"status\" aria-live=\"polite\" aria-atomic=\"true\"><\/p> <ul><\/ul><\/div>\n<form action=\"\/es\/wp-json\/wp\/v2\/pages\/5696#wpcf7-f9-o1\" method=\"post\" class=\"wpcf7-form init\" aria-label=\"Formulaire de contact\" novalidate=\"novalidate\" data-status=\"init\">\n<fieldset class=\"hidden-fields-container\"><input type=\"hidden\" name=\"_wpcf7\" value=\"9\" \/><input type=\"hidden\" name=\"_wpcf7_version\" value=\"6.1.5\" \/><input type=\"hidden\" name=\"_wpcf7_locale\" value=\"fr_FR\" \/><input type=\"hidden\" name=\"_wpcf7_unit_tag\" value=\"wpcf7-f9-o1\" \/><input type=\"hidden\" name=\"_wpcf7_container_post\" value=\"0\" \/><input type=\"hidden\" name=\"_wpcf7_posted_data_hash\" value=\"\" \/>\n<\/fieldset>\n<p><label> Votre nom<br \/>\n<span class=\"wpcf7-form-control-wrap\" data-name=\"your-name\"><input size=\"40\" maxlength=\"400\" class=\"wpcf7-form-control wpcf7-text wpcf7-validates-as-required\" autocomplete=\"name\" aria-required=\"true\" aria-invalid=\"false\" value=\"\" type=\"text\" name=\"your-name\" \/><\/span> <\/label>\n<\/p>\n<p><label> Votre e-mail<br \/>\n<span class=\"wpcf7-form-control-wrap\" data-name=\"your-email\"><input size=\"40\" maxlength=\"400\" class=\"wpcf7-form-control wpcf7-email wpcf7-validates-as-required wpcf7-text wpcf7-validates-as-email\" autocomplete=\"email\" aria-required=\"true\" aria-invalid=\"false\" value=\"\" type=\"email\" name=\"your-email\" \/><\/span> <\/label>\n<\/p>\n<p><label> Objet<br \/>\n<span class=\"wpcf7-form-control-wrap\" data-name=\"your-subject\"><input size=\"40\" maxlength=\"400\" class=\"wpcf7-form-control wpcf7-text wpcf7-validates-as-required\" aria-required=\"true\" aria-invalid=\"false\" value=\"\" type=\"text\" name=\"your-subject\" \/><\/span> <\/label>\n<\/p>\n<p><label> Votre message (facultatif)<br \/>\n<span class=\"wpcf7-form-control-wrap\" data-name=\"your-message\"><textarea cols=\"40\" rows=\"10\" maxlength=\"2000\" class=\"wpcf7-form-control wpcf7-textarea\" aria-invalid=\"false\" name=\"your-message\"><\/textarea><\/span> <\/label>\n<\/p>\n<p><input class=\"wpcf7-form-control wpcf7-submit has-spinner\" type=\"submit\" value=\"Envoyer\" \/>\n<\/p><div class=\"wpcf7-response-output\" aria-hidden=\"true\"><\/div>\n<\/form>\n<\/div>\n<\/div>\n            <\/div>\t\t\t\t<\/div>\n\t\t\t\t<\/div>\n\t\t\t\t\t<\/div>\n\t\t<\/div>\n\t\t\t\t\t<\/div>\n\t\t<\/section>\n\t\t\t\t<section class=\"elementor-section elementor-top-section elementor-element elementor-element-86191c5 cs-animation-small-offset elementor-section-boxed elementor-section-height-default elementor-section-height-default wpr-particle-no wpr-jarallax-no wpr-parallax-no wpr-sticky-section-no elementor-invisible\" data-id=\"86191c5\" data-element_type=\"section\" data-e-type=\"section\" data-settings=\"{&quot;animation&quot;:&quot;fadeInUp&quot;,&quot;animation_delay&quot;:150}\">\n\t\t\t\t\t\t<div class=\"elementor-container elementor-column-gap-no\">\n\t\t\t\t\t<div class=\"elementor-column elementor-col-50 elementor-top-column elementor-element elementor-element-33b28b2\" data-id=\"33b28b2\" data-element_type=\"column\" data-e-type=\"column\">\n\t\t\t<div class=\"elementor-widget-wrap elementor-element-populated\">\n\t\t\t\t\t\t<div class=\"elementor-element elementor-element-7f10965 elementor-widget elementor-widget-cs_title\" data-id=\"7f10965\" data-element_type=\"widget\" data-e-type=\"widget\" data-widget_type=\"cs_title.default\">\n\t\t\t\t<div class=\"elementor-widget-container\">\n\t\t\t\t\t\n        <div class=\"cs-title-wrap text-center\">\t            <div class=\"cs-subtitle-wrap\"><span class=\"cs-subtitle\">Informations g\u00e9n\u00e9rales<\/span><\/div>\t            <h6 class=\"cs-title\">\n\t                Contactez-nous:\t            <\/h6>\t            <div class=\"cs-title-text\">\n\t                <p><span class=\"list-content\">Appelez-nous :<\/span><\/p><p>+212 6 62 63 65 88 \/ +33 7 83 45 81 93<\/p><p><span class=\"list-content\">Email: <\/span><a href=\"mailto:contact@palaisfarah.com\">contact@palaisfarah.com<\/a><\/p>\t            <\/div>        <\/div>\t\t\t\t<\/div>\n\t\t\t\t<\/div>\n\t\t\t\t\t<\/div>\n\t\t<\/div>\n\t\t\t\t<div class=\"elementor-column elementor-col-50 elementor-top-column elementor-element elementor-element-f0d8fae\" data-id=\"f0d8fae\" data-element_type=\"column\" data-e-type=\"column\">\n\t\t\t<div class=\"elementor-widget-wrap elementor-element-populated\">\n\t\t\t\t\t\t<div class=\"elementor-element elementor-element-cb04328 elementor-widget elementor-widget-google_maps\" data-id=\"cb04328\" data-element_type=\"widget\" data-e-type=\"widget\" data-widget_type=\"google_maps.default\">\n\t\t\t\t<div class=\"elementor-widget-container\">\n\t\t\t\t\t\t\t<div class=\"elementor-custom-embed\">\n\t\t\t<iframe loading=\"lazy\"\n\t\t\t\t\tsrc=\"https:\/\/maps.google.com\/maps?q=Palais%20Farah%20La%20Palmeraie%2C%20KM%206%2C%20Marrakech%2040000&#038;t=m&#038;z=11&#038;output=embed&#038;iwloc=near\"\n\t\t\t\t\ttitle=\"Palais Farah La Palmeraie, KM 6, Marrakech 40000\"\n\t\t\t\t\taria-label=\"Palais Farah La Palmeraie, KM 6, Marrakech 40000\"\n\t\t\t><\/iframe>\n\t\t<\/div>\n\t\t\t\t\t\t<\/div>\n\t\t\t\t<\/div>\n\t\t\t\t\t<\/div>\n\t\t<\/div>\n\t\t\t\t\t<\/div>\n\t\t<\/section>\n\t\t\t\t<section class=\"elementor-section elementor-top-section elementor-element elementor-element-6184b1f elementor-section-full_width elementor-section-height-min-height cs-animation-small-offset elementor-section-height-default elementor-section-items-middle wpr-particle-no wpr-jarallax-no wpr-parallax-no wpr-sticky-section-no elementor-invisible\" data-id=\"6184b1f\" data-element_type=\"section\" data-e-type=\"section\" data-settings=\"{&quot;background_background&quot;:&quot;classic&quot;,&quot;animation&quot;:&quot;fadeInUp&quot;,&quot;animation_delay&quot;:150}\">\n\t\t\t\t\t\t\t<div class=\"elementor-background-overlay\"><\/div>\n\t\t\t\t\t\t\t<div class=\"elementor-container elementor-column-gap-no\">\n\t\t\t\t\t<div class=\"elementor-column elementor-col-100 elementor-top-column elementor-element elementor-element-33907c8\" data-id=\"33907c8\" data-element_type=\"column\" data-e-type=\"column\">\n\t\t\t<div class=\"elementor-widget-wrap\">\n\t\t\t\t\t\t\t<\/div>\n\t\t<\/div>\n\t\t\t\t\t<\/div>\n\t\t<\/section>\n\t\t\t\t<\/div>\n\t\t","protected":false},"excerpt":{"rendered":"<p>Contact Pour les r\u00e9servations et les demandes de renseignements, veuillez nous appeler ou nous \u00e9crire. Contactez-nous pour obtenir plus de d\u00e9tails Entamons une conversation Votre nom Votre e-mail Objet Votre message (facultatif) Informations g\u00e9n\u00e9rales Contactez-nous: Appelez-nous : +212 6 62 63 65 88 \/ +33 7 83 45 81 93 Email: contact@palaisfarah.com<\/p>\n","protected":false},"author":1,"featured_media":0,"parent":0,"menu_order":0,"comment_status":"closed","ping_status":"closed","template":"template-wide-content.php","meta":{"om_disable_all_campaigns":false,"cozystay_single_page_hide_site_header":"","cozystay_single_page_site_header_source":"","cozystay_single_page_custom_site_header":"0","cozystay_single_page_custom_sticky_site_header":"0","cozystay_single_page_hide_page_title":"on","cozystay_single_page_header_section_size":"","cozystay_single_page_header_background_color":"","cozystay_single_page_header_background_position_x":"center","cozystay_single_page_header_background_position_y":"center","cozystay_single_page_header_background_size":"cover","cozystay_single_page_header_background_repeat":"off","cozystay_single_page_header_background_scroll":"on","cozystay_single_page_header_text_color":"","cozystay_single_page_header_show_breadcrumb":"","cozystay_single_page_site_footer_hide_main":"","cozystay_single_custom_site_footer_main_source":"","cozystay_single_custom_site_footer_main":"0","cozystay_single_page_site_footer_hide_above":"","cozystay_single_custom_site_footer_above_source":"","cozystay_single_custom_site_footer_above":"0","cozystay_single_page_site_footer_hide_instagram":"","cozystay_single_page_site_footer_hide_bottom":"","cozystay_single_custom_mobile_menu_source":"","cozystay_single_custom_mobile_menu":"0","cozystay_single_custom_mobile_menu_animation":"","cozystay_single_custom_mobile_menu_width":"","cozystay_single_custom_mobile_menu_custom_width":375,"footnotes":""},"class_list":["post-5696","page","type-page","status-publish","hentry"],"aioseo_notices":[],"yoast_head":"<!-- This site is optimized with the Yoast SEO plugin v27.2 - https:\/\/yoast.com\/product\/yoast-seo-wordpress\/ -->\n<title>Contact - palaisfarah<\/title>\n<meta name=\"robots\" content=\"index, follow, max-snippet:-1, max-image-preview:large, max-video-preview:-1\" \/>\n<link rel=\"canonical\" href=\"https:\/\/palaisfarah.com\/contact\/\" \/>\n<meta property=\"og:locale\" content=\"es_ES\" \/>\n<meta property=\"og:type\" content=\"article\" \/>\n<meta property=\"og:title\" content=\"Contact - palaisfarah\" \/>\n<meta property=\"og:description\" content=\"Contact Pour les r\u00e9servations et les demandes de renseignements, veuillez nous appeler ou nous \u00e9crire. Contactez-nous pour obtenir plus de d\u00e9tails Entamons une conversation Votre nom Votre e-mail Objet Votre message (facultatif) Informations g\u00e9n\u00e9rales Contactez-nous: Appelez-nous : +212 6 62 63 65 88 \/ +33 7 83 45 81 93 Email: contact@palaisfarah.com\" \/>\n<meta property=\"og:url\" content=\"https:\/\/palaisfarah.com\/contact\/\" \/>\n<meta property=\"og:site_name\" content=\"palaisfarah\" \/>\n<meta property=\"article:modified_time\" content=\"2026-03-11T12:46:21+00:00\" \/>\n<meta name=\"twitter:card\" content=\"summary_large_image\" \/>\n<meta name=\"twitter:label1\" content=\"Tiempo de lectura\" \/>\n\t<meta name=\"twitter:data1\" content=\"1 minuto\" \/>\n<script type=\"application\/ld+json\" class=\"yoast-schema-graph\">{\"@context\":\"https:\/\/schema.org\",\"@graph\":[{\"@type\":\"WebPage\",\"@id\":\"https:\/\/palaisfarah.com\/contact\/\",\"url\":\"https:\/\/palaisfarah.com\/contact\/\",\"name\":\"Contact - palaisfarah\",\"isPartOf\":{\"@id\":\"https:\/\/palaisfarah.com\/#website\"},\"datePublished\":\"2023-04-24T02:44:41+00:00\",\"dateModified\":\"2026-03-11T12:46:21+00:00\",\"breadcrumb\":{\"@id\":\"https:\/\/palaisfarah.com\/contact\/#breadcrumb\"},\"inLanguage\":\"es\",\"potentialAction\":[{\"@type\":\"ReadAction\",\"target\":[\"https:\/\/palaisfarah.com\/contact\/\"]}]},{\"@type\":\"BreadcrumbList\",\"@id\":\"https:\/\/palaisfarah.com\/contact\/#breadcrumb\",\"itemListElement\":[{\"@type\":\"ListItem\",\"position\":1,\"name\":\"Home\",\"item\":\"https:\/\/palaisfarah.com\/es\/\"},{\"@type\":\"ListItem\",\"position\":2,\"name\":\"Contact\"}]},{\"@type\":\"WebSite\",\"@id\":\"https:\/\/palaisfarah.com\/#website\",\"url\":\"https:\/\/palaisfarah.com\/\",\"name\":\"palaisfarah\",\"description\":\"\",\"publisher\":{\"@id\":\"https:\/\/palaisfarah.com\/#organization\"},\"potentialAction\":[{\"@type\":\"SearchAction\",\"target\":{\"@type\":\"EntryPoint\",\"urlTemplate\":\"https:\/\/palaisfarah.com\/?s={search_term_string}\"},\"query-input\":{\"@type\":\"PropertyValueSpecification\",\"valueRequired\":true,\"valueName\":\"search_term_string\"}}],\"inLanguage\":\"es\"},{\"@type\":\"Organization\",\"@id\":\"https:\/\/palaisfarah.com\/#organization\",\"name\":\"palaisfarah\",\"url\":\"https:\/\/palaisfarah.com\/\",\"logo\":{\"@type\":\"ImageObject\",\"inLanguage\":\"es\",\"@id\":\"https:\/\/palaisfarah.com\/#\/schema\/logo\/image\/\",\"url\":\"https:\/\/palaisfarah.com\/wp-content\/uploads\/2025\/01\/cropped-Logo-Palais-Farah-PHV-color-original.jpg\",\"contentUrl\":\"https:\/\/palaisfarah.com\/wp-content\/uploads\/2025\/01\/cropped-Logo-Palais-Farah-PHV-color-original.jpg\",\"width\":841,\"height\":279,\"caption\":\"palaisfarah\"},\"image\":{\"@id\":\"https:\/\/palaisfarah.com\/#\/schema\/logo\/image\/\"}}]}<\/script>\n<!-- \/ Yoast SEO plugin. -->","yoast_head_json":{"title":"Contact - palaisfarah","robots":{"index":"index","follow":"follow","max-snippet":"max-snippet:-1","max-image-preview":"max-image-preview:large","max-video-preview":"max-video-preview:-1"},"canonical":"https:\/\/palaisfarah.com\/contact\/","og_locale":"es_ES","og_type":"article","og_title":"Contact - palaisfarah","og_description":"Contact Pour les r\u00e9servations et les demandes de renseignements, veuillez nous appeler ou nous \u00e9crire. Contactez-nous pour obtenir plus de d\u00e9tails Entamons une conversation Votre nom Votre e-mail Objet Votre message (facultatif) Informations g\u00e9n\u00e9rales Contactez-nous: Appelez-nous : +212 6 62 63 65 88 \/ +33 7 83 45 81 93 Email: contact@palaisfarah.com","og_url":"https:\/\/palaisfarah.com\/contact\/","og_site_name":"palaisfarah","article_modified_time":"2026-03-11T12:46:21+00:00","twitter_card":"summary_large_image","twitter_misc":{"Tiempo de lectura":"1 minuto"},"schema":{"@context":"https:\/\/schema.org","@graph":[{"@type":"WebPage","@id":"https:\/\/palaisfarah.com\/contact\/","url":"https:\/\/palaisfarah.com\/contact\/","name":"Contact - palaisfarah","isPartOf":{"@id":"https:\/\/palaisfarah.com\/#website"},"datePublished":"2023-04-24T02:44:41+00:00","dateModified":"2026-03-11T12:46:21+00:00","breadcrumb":{"@id":"https:\/\/palaisfarah.com\/contact\/#breadcrumb"},"inLanguage":"es","potentialAction":[{"@type":"ReadAction","target":["https:\/\/palaisfarah.com\/contact\/"]}]},{"@type":"BreadcrumbList","@id":"https:\/\/palaisfarah.com\/contact\/#breadcrumb","itemListElement":[{"@type":"ListItem","position":1,"name":"Home","item":"https:\/\/palaisfarah.com\/es\/"},{"@type":"ListItem","position":2,"name":"Contact"}]},{"@type":"WebSite","@id":"https:\/\/palaisfarah.com\/#website","url":"https:\/\/palaisfarah.com\/","name":"palaisfarah","description":"","publisher":{"@id":"https:\/\/palaisfarah.com\/#organization"},"potentialAction":[{"@type":"SearchAction","target":{"@type":"EntryPoint","urlTemplate":"https:\/\/palaisfarah.com\/?s={search_term_string}"},"query-input":{"@type":"PropertyValueSpecification","valueRequired":true,"valueName":"search_term_string"}}],"inLanguage":"es"},{"@type":"Organization","@id":"https:\/\/palaisfarah.com\/#organization","name":"palaisfarah","url":"https:\/\/palaisfarah.com\/","logo":{"@type":"ImageObject","inLanguage":"es","@id":"https:\/\/palaisfarah.com\/#\/schema\/logo\/image\/","url":"https:\/\/palaisfarah.com\/wp-content\/uploads\/2025\/01\/cropped-Logo-Palais-Farah-PHV-color-original.jpg","contentUrl":"https:\/\/palaisfarah.com\/wp-content\/uploads\/2025\/01\/cropped-Logo-Palais-Farah-PHV-color-original.jpg","width":841,"height":279,"caption":"palaisfarah"},"image":{"@id":"https:\/\/palaisfarah.com\/#\/schema\/logo\/image\/"}}]}},"_links":{"self":[{"href":"https:\/\/palaisfarah.com\/es\/wp-json\/wp\/v2\/pages\/5696","targetHints":{"allow":["GET"]}}],"collection":[{"href":"https:\/\/palaisfarah.com\/es\/wp-json\/wp\/v2\/pages"}],"about":[{"href":"https:\/\/palaisfarah.com\/es\/wp-json\/wp\/v2\/types\/page"}],"author":[{"embeddable":true,"href":"https:\/\/palaisfarah.com\/es\/wp-json\/wp\/v2\/users\/1"}],"replies":[{"embeddable":true,"href":"https:\/\/palaisfarah.com\/es\/wp-json\/wp\/v2\/comments?post=5696"}],"version-history":[{"count":30,"href":"https:\/\/palaisfarah.com\/es\/wp-json\/wp\/v2\/pages\/5696\/revisions"}],"predecessor-version":[{"id":7462,"href":"https:\/\/palaisfarah.com\/es\/wp-json\/wp\/v2\/pages\/5696\/revisions\/7462"}],"wp:attachment":[{"href":"https:\/\/palaisfarah.com\/es\/wp-json\/wp\/v2\/media?parent=5696"}],"curies":[{"name":"wp","href":"https:\/\/api.w.org\/{rel}","templated":true}]}}