{"id":6244,"date":"2025-01-22T11:41:34","date_gmt":"2025-01-22T10:41:34","guid":{"rendered":"https:\/\/palaisfarah.com\/conditions-generales\/"},"modified":"2025-11-12T11:55:37","modified_gmt":"2025-11-12T10:55:37","slug":"condiciones-generales","status":"publish","type":"page","link":"https:\/\/palaisfarah.com\/es\/condiciones-generales\/","title":{"rendered":"Condiciones Generales"},"content":{"rendered":"\t\t<div data-elementor-type=\"wp-page\" data-elementor-id=\"6244\" class=\"elementor elementor-6244\">\n\t\t\t\t\t\t<section class=\"elementor-section elementor-top-section elementor-element elementor-element-7c91b91 elementor-section-height-min-height cs-section-content-fullwidth cs-parallax-on-scroll cs_scroll_y_80 elementor-section-boxed elementor-section-height-default elementor-section-items-middle wpr-particle-no wpr-jarallax-no wpr-parallax-no wpr-sticky-section-no\" data-id=\"7c91b91\" data-element_type=\"section\" data-e-type=\"section\" data-settings=\"{&quot;background_background&quot;:&quot;classic&quot;}\" data-cs-parallax-y=\"80\" style=\"background-image: none;\" data-cs-background-image=\"http:\/\/palaisfarah.com\/wp-content\/uploads\/2025\/01\/DSC00193-scaled.jpg\">\n\t\t\t\t\t\t\t<div class=\"elementor-background-overlay\"><\/div>\n\t\t\t\t\t\t\t<div class=\"elementor-container elementor-column-gap-no\">\n\t\t\t\t\t<div class=\"elementor-column elementor-col-100 elementor-top-column elementor-element elementor-element-a14bf38 dark-color\" data-id=\"a14bf38\" data-element_type=\"column\" data-e-type=\"column\">\n\t\t\t<div class=\"elementor-widget-wrap elementor-element-populated\">\n\t\t\t\t\t\t<div class=\"elementor-element elementor-element-3f7d83c elementor-widget elementor-widget-cs_title\" data-id=\"3f7d83c\" data-element_type=\"widget\" data-e-type=\"widget\" data-widget_type=\"cs_title.default\">\n\t\t\t\t<div class=\"elementor-widget-container\">\n\t\t\t\t\t\n        <div class=\"cs-title-wrap text-center\">\t            <h1 class=\"cs-title\">\n\t                Condiciones Generales\n <br> Palais Farah \n\t            <\/h1>        <\/div>\t\t\t\t<\/div>\n\t\t\t\t<\/div>\n\t\t\t\t\t<\/div>\n\t\t<\/div>\n\t\t\t\t\t<\/div>\n\t\t<\/section>\n\t\t<div class=\"elementor-element elementor-element-260d83b e-flex e-con-boxed wpr-particle-no wpr-jarallax-no wpr-parallax-no wpr-sticky-section-no e-con e-parent\" data-id=\"260d83b\" data-element_type=\"container\" data-e-type=\"container\">\n\t\t\t\t\t<div class=\"e-con-inner\">\n\t\t\t\t<div class=\"elementor-element elementor-element-96eee99 elementor-widget elementor-widget-text-editor\" data-id=\"96eee99\" data-element_type=\"widget\" data-e-type=\"widget\" data-widget_type=\"text-editor.default\">\n\t\t\t\t<div class=\"elementor-widget-container\">\n\t\t\t\t\t\t\t\t\t<p><strong>1. Reserva<\/strong><br \/>Toda reserva realizada a trav\u00e9s de nuestro sitio web, por correo electr\u00f3nico o por tel\u00e9fono implica la plena aceptaci\u00f3n de estas Condiciones Generales. El Hotel se reserva el derecho de cancelar cualquier reserva en caso de falta de pago o informaci\u00f3n inexacta.<\/p><p><strong>2. Tarifas y pago<\/strong><br \/>Las tarifas se indican en dirhams marroqu\u00edes (MAD), con todos los impuestos incluidos. El pago puede ser requerido al momento de la reserva seg\u00fan el tipo de tarifa elegida. Se puede exigir una tarjeta de cr\u00e9dito v\u00e1lida para garantizar la reserva.<\/p><p><strong>3. Cancelaci\u00f3n y modificaci\u00f3n<\/strong><br \/>Las condiciones de cancelaci\u00f3n dependen del tipo de tarifa elegida: flexible o prepago. Toda cancelaci\u00f3n o modificaci\u00f3n debe ser notificada al Hotel. En caso de no presentarse (no-show), se podr\u00e1 cobrar el importe total de la estancia.<\/p><p><strong>4. Horarios de entrada y salida<\/strong><br \/>Check-in a partir de las 15:00 horas y check-out antes de las 12:00 horas. Cualquier salida tard\u00eda no autorizada puede generar cargos adicionales.<\/p><p><strong>5. Responsabilidad<\/strong><br \/>El Cliente es responsable de los da\u00f1os causados a las instalaciones o al equipamiento. El Hotel no se hace responsable por robos o p\u00e9rdidas de objetos personales. El Cliente se compromete a respetar el reglamento interno del establecimiento.<\/p><p><strong>6. Servicios adicionales<\/strong><br \/>Los servicios de restauraci\u00f3n, spa y excursiones est\u00e1n sujetos a disponibilidad y a condiciones espec\u00edficas indicadas en el momento de la reserva.<\/p><p><strong>7. Datos personales<\/strong><br \/>La informaci\u00f3n recopilada se utiliza para la gesti\u00f3n de la reserva y de la estancia. El Cliente tiene derecho a acceder, rectificar o eliminar sus datos personales.<\/p><p><strong>8. Ley aplicable<\/strong><br \/>Estas Condiciones Generales est\u00e1n sujetas a la legislaci\u00f3n marroqu\u00ed. En caso de litigio, los tribunales de Marrakech ser\u00e1n los competentes.<\/p>\t\t\t\t\t\t\t\t<\/div>\n\t\t\t\t<\/div>\n\t\t\t\t\t<\/div>\n\t\t\t\t<\/div>\n\t\t\t\t<\/div>\n\t\t","protected":false},"excerpt":{"rendered":"<p>Condiciones Generales Palais Farah 1. ReservaToda reserva realizada a trav\u00e9s de nuestro sitio web, por correo electr\u00f3nico o por tel\u00e9fono implica la plena aceptaci\u00f3n de estas Condiciones Generales. El Hotel se reserva el derecho de cancelar cualquier reserva en caso de falta de pago o informaci\u00f3n inexacta. 2. Tarifas y pagoLas tarifas se indican en dirhams marroqu\u00edes (MAD), con todos los impuestos incluidos. El pago puede ser requerido al momento de la reserva seg\u00fan el tipo de tarifa elegida. Se puede exigir una tarjeta de cr\u00e9dito v\u00e1lida para garantizar la reserva. 3. Cancelaci\u00f3n y modificaci\u00f3nLas condiciones de cancelaci\u00f3n dependen del tipo de tarifa elegida: flexible o prepago. Toda cancelaci\u00f3n o modificaci\u00f3n debe ser notificada al Hotel. En caso de no presentarse (no-show), se podr\u00e1 cobrar el importe total de la estancia. 4. Horarios de entrada y salidaCheck-in a partir de las 15:00 horas y check-out antes de las 12:00 horas. Cualquier salida tard\u00eda no autorizada puede generar cargos adicionales. 5. ResponsabilidadEl Cliente es responsable de los da\u00f1os causados a las instalaciones o al equipamiento. El Hotel no se hace responsable por robos o p\u00e9rdidas de objetos personales. El Cliente se compromete a respetar el reglamento interno del establecimiento. 6. Servicios adicionalesLos servicios de restauraci\u00f3n, spa y excursiones est\u00e1n sujetos a disponibilidad y a condiciones espec\u00edficas indicadas en el momento de la reserva. 7. Datos personalesLa informaci\u00f3n recopilada se utiliza para la gesti\u00f3n de la reserva y de la estancia. El Cliente tiene derecho a acceder, rectificar o eliminar sus datos personales. 8. Ley aplicableEstas Condiciones Generales est\u00e1n sujetas a la legislaci\u00f3n marroqu\u00ed. En caso de litigio, los tribunales de Marrakech ser\u00e1n los competentes.<\/p>\n","protected":false},"author":1,"featured_media":0,"parent":0,"menu_order":0,"comment_status":"closed","ping_status":"closed","template":"elementor_header_footer","meta":{"om_disable_all_campaigns":false,"cozystay_single_page_hide_site_header":"","cozystay_single_page_site_header_source":"","cozystay_single_page_custom_site_header":"0","cozystay_single_page_custom_sticky_site_header":"0","cozystay_single_page_hide_page_title":"","cozystay_single_page_header_section_size":"","cozystay_single_page_header_background_color":"","cozystay_single_page_header_background_position_x":"center","cozystay_single_page_header_background_position_y":"center","cozystay_single_page_header_background_size":"cover","cozystay_single_page_header_background_repeat":"off","cozystay_single_page_header_background_scroll":"on","cozystay_single_page_header_text_color":"","cozystay_single_page_header_show_breadcrumb":"","cozystay_single_page_site_footer_hide_main":"","cozystay_single_custom_site_footer_main_source":"","cozystay_single_custom_site_footer_main":"0","cozystay_single_page_site_footer_hide_above":"","cozystay_single_custom_site_footer_above_source":"","cozystay_single_custom_site_footer_above":"0","cozystay_single_page_site_footer_hide_instagram":"","cozystay_single_page_site_footer_hide_bottom":"","cozystay_single_custom_mobile_menu_source":"","cozystay_single_custom_mobile_menu":"0","cozystay_single_custom_mobile_menu_animation":"","cozystay_single_custom_mobile_menu_width":"","cozystay_single_custom_mobile_menu_custom_width":375,"footnotes":""},"class_list":["post-6244","page","type-page","status-publish","hentry"],"aioseo_notices":[],"yoast_head":"<!-- This site is optimized with the Yoast SEO plugin v27.2 - https:\/\/yoast.com\/product\/yoast-seo-wordpress\/ -->\n<title>Condiciones Generales - palaisfarah<\/title>\n<meta name=\"robots\" content=\"index, follow, max-snippet:-1, max-image-preview:large, max-video-preview:-1\" \/>\n<link rel=\"canonical\" href=\"https:\/\/palaisfarah.com\/es\/condiciones-generales\/\" \/>\n<meta property=\"og:locale\" content=\"es_ES\" \/>\n<meta property=\"og:type\" content=\"article\" \/>\n<meta property=\"og:title\" content=\"Condiciones Generales - palaisfarah\" \/>\n<meta property=\"og:description\" content=\"Condiciones Generales Palais Farah 1. ReservaToda reserva realizada a trav\u00e9s de nuestro sitio web, por correo electr\u00f3nico o por tel\u00e9fono implica la plena aceptaci\u00f3n de estas Condiciones Generales. El Hotel se reserva el derecho de cancelar cualquier reserva en caso de falta de pago o informaci\u00f3n inexacta. 2. Tarifas y pagoLas tarifas se indican en dirhams marroqu\u00edes (MAD), con todos los impuestos incluidos. El pago puede ser requerido al momento de la reserva seg\u00fan el tipo de tarifa elegida. Se puede exigir una tarjeta de cr\u00e9dito v\u00e1lida para garantizar la reserva. 3. Cancelaci\u00f3n y modificaci\u00f3nLas condiciones de cancelaci\u00f3n dependen del tipo de tarifa elegida: flexible o prepago. Toda cancelaci\u00f3n o modificaci\u00f3n debe ser notificada al Hotel. En caso de no presentarse (no-show), se podr\u00e1 cobrar el importe total de la estancia. 4. Horarios de entrada y salidaCheck-in a partir de las 15:00 horas y check-out antes de las 12:00 horas. Cualquier salida tard\u00eda no autorizada puede generar cargos adicionales. 5. ResponsabilidadEl Cliente es responsable de los da\u00f1os causados a las instalaciones o al equipamiento. El Hotel no se hace responsable por robos o p\u00e9rdidas de objetos personales. El Cliente se compromete a respetar el reglamento interno del establecimiento. 6. Servicios adicionalesLos servicios de restauraci\u00f3n, spa y excursiones est\u00e1n sujetos a disponibilidad y a condiciones espec\u00edficas indicadas en el momento de la reserva. 7. Datos personalesLa informaci\u00f3n recopilada se utiliza para la gesti\u00f3n de la reserva y de la estancia. El Cliente tiene derecho a acceder, rectificar o eliminar sus datos personales. 8. Ley aplicableEstas Condiciones Generales est\u00e1n sujetas a la legislaci\u00f3n marroqu\u00ed. En caso de litigio, los tribunales de Marrakech ser\u00e1n los competentes.\" \/>\n<meta property=\"og:url\" content=\"https:\/\/palaisfarah.com\/es\/condiciones-generales\/\" \/>\n<meta property=\"og:site_name\" content=\"palaisfarah\" \/>\n<meta property=\"article:modified_time\" content=\"2025-11-12T10:55:37+00:00\" \/>\n<meta name=\"twitter:card\" content=\"summary_large_image\" \/>\n<meta name=\"twitter:label1\" content=\"Tiempo de lectura\" \/>\n\t<meta name=\"twitter:data1\" content=\"2 minutos\" \/>\n<script type=\"application\/ld+json\" class=\"yoast-schema-graph\">{\"@context\":\"https:\/\/schema.org\",\"@graph\":[{\"@type\":\"WebPage\",\"@id\":\"https:\/\/palaisfarah.com\/es\/condiciones-generales\/\",\"url\":\"https:\/\/palaisfarah.com\/es\/condiciones-generales\/\",\"name\":\"Condiciones Generales - palaisfarah\",\"isPartOf\":{\"@id\":\"https:\/\/palaisfarah.com\/#website\"},\"datePublished\":\"2025-01-22T10:41:34+00:00\",\"dateModified\":\"2025-11-12T10:55:37+00:00\",\"breadcrumb\":{\"@id\":\"https:\/\/palaisfarah.com\/es\/condiciones-generales\/#breadcrumb\"},\"inLanguage\":\"es\",\"potentialAction\":[{\"@type\":\"ReadAction\",\"target\":[\"https:\/\/palaisfarah.com\/es\/condiciones-generales\/\"]}]},{\"@type\":\"BreadcrumbList\",\"@id\":\"https:\/\/palaisfarah.com\/es\/condiciones-generales\/#breadcrumb\",\"itemListElement\":[{\"@type\":\"ListItem\",\"position\":1,\"name\":\"Home\",\"item\":\"https:\/\/palaisfarah.com\/es\/\"},{\"@type\":\"ListItem\",\"position\":2,\"name\":\"Condiciones Generales\"}]},{\"@type\":\"WebSite\",\"@id\":\"https:\/\/palaisfarah.com\/#website\",\"url\":\"https:\/\/palaisfarah.com\/\",\"name\":\"palaisfarah\",\"description\":\"\",\"publisher\":{\"@id\":\"https:\/\/palaisfarah.com\/#organization\"},\"potentialAction\":[{\"@type\":\"SearchAction\",\"target\":{\"@type\":\"EntryPoint\",\"urlTemplate\":\"https:\/\/palaisfarah.com\/?s={search_term_string}\"},\"query-input\":{\"@type\":\"PropertyValueSpecification\",\"valueRequired\":true,\"valueName\":\"search_term_string\"}}],\"inLanguage\":\"es\"},{\"@type\":\"Organization\",\"@id\":\"https:\/\/palaisfarah.com\/#organization\",\"name\":\"palaisfarah\",\"url\":\"https:\/\/palaisfarah.com\/\",\"logo\":{\"@type\":\"ImageObject\",\"inLanguage\":\"es\",\"@id\":\"https:\/\/palaisfarah.com\/#\/schema\/logo\/image\/\",\"url\":\"https:\/\/palaisfarah.com\/wp-content\/uploads\/2025\/01\/cropped-Logo-Palais-Farah-PHV-color-original.jpg\",\"contentUrl\":\"https:\/\/palaisfarah.com\/wp-content\/uploads\/2025\/01\/cropped-Logo-Palais-Farah-PHV-color-original.jpg\",\"width\":841,\"height\":279,\"caption\":\"palaisfarah\"},\"image\":{\"@id\":\"https:\/\/palaisfarah.com\/#\/schema\/logo\/image\/\"}}]}<\/script>\n<!-- \/ Yoast SEO plugin. -->","yoast_head_json":{"title":"Condiciones Generales - palaisfarah","robots":{"index":"index","follow":"follow","max-snippet":"max-snippet:-1","max-image-preview":"max-image-preview:large","max-video-preview":"max-video-preview:-1"},"canonical":"https:\/\/palaisfarah.com\/es\/condiciones-generales\/","og_locale":"es_ES","og_type":"article","og_title":"Condiciones Generales - palaisfarah","og_description":"Condiciones Generales Palais Farah 1. ReservaToda reserva realizada a trav\u00e9s de nuestro sitio web, por correo electr\u00f3nico o por tel\u00e9fono implica la plena aceptaci\u00f3n de estas Condiciones Generales. El Hotel se reserva el derecho de cancelar cualquier reserva en caso de falta de pago o informaci\u00f3n inexacta. 2. Tarifas y pagoLas tarifas se indican en dirhams marroqu\u00edes (MAD), con todos los impuestos incluidos. El pago puede ser requerido al momento de la reserva seg\u00fan el tipo de tarifa elegida. Se puede exigir una tarjeta de cr\u00e9dito v\u00e1lida para garantizar la reserva. 3. Cancelaci\u00f3n y modificaci\u00f3nLas condiciones de cancelaci\u00f3n dependen del tipo de tarifa elegida: flexible o prepago. Toda cancelaci\u00f3n o modificaci\u00f3n debe ser notificada al Hotel. En caso de no presentarse (no-show), se podr\u00e1 cobrar el importe total de la estancia. 4. Horarios de entrada y salidaCheck-in a partir de las 15:00 horas y check-out antes de las 12:00 horas. Cualquier salida tard\u00eda no autorizada puede generar cargos adicionales. 5. ResponsabilidadEl Cliente es responsable de los da\u00f1os causados a las instalaciones o al equipamiento. El Hotel no se hace responsable por robos o p\u00e9rdidas de objetos personales. El Cliente se compromete a respetar el reglamento interno del establecimiento. 6. Servicios adicionalesLos servicios de restauraci\u00f3n, spa y excursiones est\u00e1n sujetos a disponibilidad y a condiciones espec\u00edficas indicadas en el momento de la reserva. 7. Datos personalesLa informaci\u00f3n recopilada se utiliza para la gesti\u00f3n de la reserva y de la estancia. El Cliente tiene derecho a acceder, rectificar o eliminar sus datos personales. 8. Ley aplicableEstas Condiciones Generales est\u00e1n sujetas a la legislaci\u00f3n marroqu\u00ed. En caso de litigio, los tribunales de Marrakech ser\u00e1n los competentes.","og_url":"https:\/\/palaisfarah.com\/es\/condiciones-generales\/","og_site_name":"palaisfarah","article_modified_time":"2025-11-12T10:55:37+00:00","twitter_card":"summary_large_image","twitter_misc":{"Tiempo de lectura":"2 minutos"},"schema":{"@context":"https:\/\/schema.org","@graph":[{"@type":"WebPage","@id":"https:\/\/palaisfarah.com\/es\/condiciones-generales\/","url":"https:\/\/palaisfarah.com\/es\/condiciones-generales\/","name":"Condiciones Generales - palaisfarah","isPartOf":{"@id":"https:\/\/palaisfarah.com\/#website"},"datePublished":"2025-01-22T10:41:34+00:00","dateModified":"2025-11-12T10:55:37+00:00","breadcrumb":{"@id":"https:\/\/palaisfarah.com\/es\/condiciones-generales\/#breadcrumb"},"inLanguage":"es","potentialAction":[{"@type":"ReadAction","target":["https:\/\/palaisfarah.com\/es\/condiciones-generales\/"]}]},{"@type":"BreadcrumbList","@id":"https:\/\/palaisfarah.com\/es\/condiciones-generales\/#breadcrumb","itemListElement":[{"@type":"ListItem","position":1,"name":"Home","item":"https:\/\/palaisfarah.com\/es\/"},{"@type":"ListItem","position":2,"name":"Condiciones Generales"}]},{"@type":"WebSite","@id":"https:\/\/palaisfarah.com\/#website","url":"https:\/\/palaisfarah.com\/","name":"palaisfarah","description":"","publisher":{"@id":"https:\/\/palaisfarah.com\/#organization"},"potentialAction":[{"@type":"SearchAction","target":{"@type":"EntryPoint","urlTemplate":"https:\/\/palaisfarah.com\/?s={search_term_string}"},"query-input":{"@type":"PropertyValueSpecification","valueRequired":true,"valueName":"search_term_string"}}],"inLanguage":"es"},{"@type":"Organization","@id":"https:\/\/palaisfarah.com\/#organization","name":"palaisfarah","url":"https:\/\/palaisfarah.com\/","logo":{"@type":"ImageObject","inLanguage":"es","@id":"https:\/\/palaisfarah.com\/#\/schema\/logo\/image\/","url":"https:\/\/palaisfarah.com\/wp-content\/uploads\/2025\/01\/cropped-Logo-Palais-Farah-PHV-color-original.jpg","contentUrl":"https:\/\/palaisfarah.com\/wp-content\/uploads\/2025\/01\/cropped-Logo-Palais-Farah-PHV-color-original.jpg","width":841,"height":279,"caption":"palaisfarah"},"image":{"@id":"https:\/\/palaisfarah.com\/#\/schema\/logo\/image\/"}}]}},"_links":{"self":[{"href":"https:\/\/palaisfarah.com\/es\/wp-json\/wp\/v2\/pages\/6244","targetHints":{"allow":["GET"]}}],"collection":[{"href":"https:\/\/palaisfarah.com\/es\/wp-json\/wp\/v2\/pages"}],"about":[{"href":"https:\/\/palaisfarah.com\/es\/wp-json\/wp\/v2\/types\/page"}],"author":[{"embeddable":true,"href":"https:\/\/palaisfarah.com\/es\/wp-json\/wp\/v2\/users\/1"}],"replies":[{"embeddable":true,"href":"https:\/\/palaisfarah.com\/es\/wp-json\/wp\/v2\/comments?post=6244"}],"version-history":[{"count":8,"href":"https:\/\/palaisfarah.com\/es\/wp-json\/wp\/v2\/pages\/6244\/revisions"}],"predecessor-version":[{"id":6260,"href":"https:\/\/palaisfarah.com\/es\/wp-json\/wp\/v2\/pages\/6244\/revisions\/6260"}],"wp:attachment":[{"href":"https:\/\/palaisfarah.com\/es\/wp-json\/wp\/v2\/media?parent=6244"}],"curies":[{"name":"wp","href":"https:\/\/api.w.org\/{rel}","templated":true}]}}